{"id":6140,"date":"2024-05-01T14:51:41","date_gmt":"2024-05-01T14:51:41","guid":{"rendered":"https:\/\/montec-capital.ch\/?page_id=6140"},"modified":"2024-05-01T15:46:49","modified_gmt":"2024-05-01T15:46:49","slug":"team","status":"publish","type":"page","link":"https:\/\/montec-capital.ch\/fr\/team\/","title":{"rendered":"Equipe de direction"},"content":{"rendered":"<div style=\"height:43px\" aria-hidden=\"true\" class=\"wp-block-spacer\"><\/div>\n\n\n\n<div class=\"wp-block-media-text is-stacked-on-mobile is-vertically-aligned-top\" style=\"grid-template-columns:30% auto\"><figure class=\"wp-block-media-text__media\"><img fetchpriority=\"high\" decoding=\"async\" width=\"828\" height=\"551\" src=\"https:\/\/montec-capital.ch\/wp-content\/uploads\/2024\/05\/Mathieu-Gilbert.png\" alt=\"\" class=\"wp-image-6157 size-full\" srcset=\"https:\/\/montec-capital.ch\/wp-content\/uploads\/2024\/05\/Mathieu-Gilbert.png 828w, https:\/\/montec-capital.ch\/wp-content\/uploads\/2024\/05\/Mathieu-Gilbert-300x200.png 300w, https:\/\/montec-capital.ch\/wp-content\/uploads\/2024\/05\/Mathieu-Gilbert-768x511.png 768w, https:\/\/montec-capital.ch\/wp-content\/uploads\/2024\/05\/Mathieu-Gilbert-18x12.png 18w, https:\/\/montec-capital.ch\/wp-content\/uploads\/2024\/05\/Mathieu-Gilbert-600x399.png 600w\" sizes=\"(max-width: 828px) 100vw, 828px\" \/><\/figure><div class=\"wp-block-media-text__content\">\n<p class=\"has-small-font-size\">MANAGING PARTNER<br><strong><font size=\"+3\">Mathieu Gilbert<\/font><\/strong><\/p>\n\n\n\n<p class=\"has-small-font-size\">Apr\u00e8s un DEA en finance (1er rang), Mathieu a cr\u00e9\u00e9 en 2000 l'activit\u00e9 d'overlay (principalement sur les devises) au sein d'Edmond de Rothschild Asset Management Suisse pour en faire un leader mondial. En 2009, il reprend \u00e9galement l'activit\u00e9 quantitative du groupe Edmond de Rothschild. En 2013, en plus de ce r\u00f4le (AuM : \u20ac 20b), il a \u00e9galement dirig\u00e9 Edmond de Rothschild Asset Management Suisse et a \u00e9t\u00e9 membre du comit\u00e9 ex\u00e9cutif de l'ensemble d'Edmond de Rothschild Asset Management (AuM : \u20ac 80b). En 2016, il a rejoint Berenberg \u00e0 Hambourg en tant que CEO de l'Asset Management (sp\u00e9cialis\u00e9 dans l'overlay et la gestion quantitative). Il a ensuite cr\u00e9\u00e9 sa propre soci\u00e9t\u00e9 de conseil financier, o\u00f9 il a aid\u00e9 un certain nombre de gestionnaires de fortune dans l\u2019investissement et l'organisation.<\/p>\n<\/div><\/div>\n\n\n\n<div style=\"height:40px\" aria-hidden=\"true\" class=\"wp-block-spacer\"><\/div>\n\n\n\n<div class=\"wp-block-media-text is-stacked-on-mobile is-vertically-aligned-top\" style=\"grid-template-columns:30% auto\"><figure class=\"wp-block-media-text__media\"><img decoding=\"async\" width=\"828\" height=\"551\" src=\"https:\/\/montec-capital.ch\/wp-content\/uploads\/2024\/05\/Thomas-Leriche.jpg\" alt=\"\" class=\"wp-image-6147 size-full\" srcset=\"https:\/\/montec-capital.ch\/wp-content\/uploads\/2024\/05\/Thomas-Leriche.jpg 828w, https:\/\/montec-capital.ch\/wp-content\/uploads\/2024\/05\/Thomas-Leriche-300x200.jpg 300w, https:\/\/montec-capital.ch\/wp-content\/uploads\/2024\/05\/Thomas-Leriche-768x511.jpg 768w, https:\/\/montec-capital.ch\/wp-content\/uploads\/2024\/05\/Thomas-Leriche-18x12.jpg 18w, https:\/\/montec-capital.ch\/wp-content\/uploads\/2024\/05\/Thomas-Leriche-600x399.jpg 600w\" sizes=\"(max-width: 828px) 100vw, 828px\" \/><\/figure><div class=\"wp-block-media-text__content\">\n<p class=\"has-small-font-size\">MANAGING PARTNER<br><strong><font size=\"+3\">Thomas Leriche<\/font><\/strong><\/p>\n\n\n\n<p class=\"has-small-font-size\">M. Thomas LERICHE, a plus de 25 ans d'exp\u00e9rience et d'expertise dans le domaine de la gestion collective et de la gestion des risques. G\u00e9rant alternatif (Portfolio Manager) en valeurs mobili\u00e8res, Fixed Income et FX (Market risk decorrelation\/Absolute Return) chez Eilser Capital, Bluecrest Management et pr\u00e9c\u00e9demment Partner chez Prologue Capital, (tous Hedge Funds de plus de 2,5 milliards d'euros). De 1993 \u00e0 2008, il a exerc\u00e9 des activit\u00e9s de trading sur les mati\u00e8res premi\u00e8res (Louis Dreyfus) puis sur les march\u00e9s de taux et de change dans des Hedge Funds (Greenwich Capital\/RBS) et dans des banques (Cr\u00e9dit Suisse et Lehman Brothers). M. Leriche est dipl\u00f4m\u00e9 de NEOMA (double cursus BA fran\u00e7ais et anglais) option Finance et Risques de march\u00e9.\u200b<\/p>\n<\/div><\/div>\n\n\n\n<div style=\"height:53px\" aria-hidden=\"true\" class=\"wp-block-spacer\"><\/div>\n\n\n\n<div class=\"wp-block-cover alignfull is-light has-parallax\" style=\"margin-top:0;margin-bottom:0;padding-top:24px;padding-right:24px;padding-bottom:24px;padding-left:24px;min-height:330px;aspect-ratio:unset;\"><span aria-hidden=\"true\" class=\"wp-block-cover__background has-ti-bg-inv-background-color has-background-dim\"><\/span><div class=\"wp-block-cover__image-background has-parallax\" style=\"background-position:50% 50%;background-image:url(https:\/\/montec-capital.ch\/wp-content\/themes\/neve-fse\/assets\/img\/neve-fse-img04.jpg)\"><\/div><div class=\"wp-block-cover__inner-container is-layout-constrained wp-container-core-cover-is-layout-1fd9f2f1 wp-block-cover-is-layout-constrained\">\n<div class=\"wp-block-buttons is-content-justification-center is-layout-flex wp-container-core-buttons-is-layout-a89b3969 wp-block-buttons-is-layout-flex\">\n<div class=\"wp-block-button\"><a class=\"wp-block-button__link wp-element-button\" href=\"https:\/\/montec-capital.ch\/fr\/contact\/\">Contactez-nous<\/a><\/div>\n<\/div>\n<\/div><\/div>\n\n\n\n<div style=\"height:47px\" aria-hidden=\"true\" class=\"wp-block-spacer\"><\/div>","protected":false},"excerpt":{"rendered":"<p>MANAGING PARTNERMathieu Gilbert After a post graduate diploma in Finance (1st ranking), Mathieu created in 2000 the overlay activity (mainly currencies) in Edmond de Rothschild Asset Management Suisse to become a world leader. In 2009, he took over also the quantitative activity from Edmond de Rothschild group. In 2013, beside this role (AuM: \u20ac 20b), [&hellip;]<\/p>","protected":false},"author":2,"featured_media":0,"parent":0,"menu_order":0,"comment_status":"closed","ping_status":"closed","template":"","meta":{"footnotes":""},"class_list":["post-6140","page","type-page","status-publish","hentry"],"aioseo_notices":[],"_links":{"self":[{"href":"https:\/\/montec-capital.ch\/fr\/wp-json\/wp\/v2\/pages\/6140","targetHints":{"allow":["GET"]}}],"collection":[{"href":"https:\/\/montec-capital.ch\/fr\/wp-json\/wp\/v2\/pages"}],"about":[{"href":"https:\/\/montec-capital.ch\/fr\/wp-json\/wp\/v2\/types\/page"}],"author":[{"embeddable":true,"href":"https:\/\/montec-capital.ch\/fr\/wp-json\/wp\/v2\/users\/2"}],"replies":[{"embeddable":true,"href":"https:\/\/montec-capital.ch\/fr\/wp-json\/wp\/v2\/comments?post=6140"}],"version-history":[{"count":5,"href":"https:\/\/montec-capital.ch\/fr\/wp-json\/wp\/v2\/pages\/6140\/revisions"}],"predecessor-version":[{"id":6158,"href":"https:\/\/montec-capital.ch\/fr\/wp-json\/wp\/v2\/pages\/6140\/revisions\/6158"}],"wp:attachment":[{"href":"https:\/\/montec-capital.ch\/fr\/wp-json\/wp\/v2\/media?parent=6140"}],"curies":[{"name":"wp","href":"https:\/\/api.w.org\/{rel}","templated":true}]}}