{"id":6006,"date":"2024-02-07T15:01:01","date_gmt":"2024-02-07T15:01:01","guid":{"rendered":"https:\/\/montec-capital.ch\/?page_id=6006"},"modified":"2024-05-01T15:21:47","modified_gmt":"2024-05-01T15:21:47","slug":"philosophy","status":"publish","type":"page","link":"https:\/\/montec-capital.ch\/fr\/philosophy\/","title":{"rendered":"Philosophie de gestion"},"content":{"rendered":"<div style=\"height:30px\" aria-hidden=\"true\" class=\"wp-block-spacer\"><\/div>\n\n\n\n<p>Notre processus d\u2019investissement est rigoureux, dynamique, et sur-mesure de fa\u00e7on \u00e0 r\u00e9pondre aux besoins et attentes diff\u00e9rentes de nos clients.<\/p>\n\n\n\n<p>\u200bApr\u00e8s analyse de votre profil de risque et sa quantification, nous construisons une allocation d\u2019actifs strat\u00e9gique afin d\u2019assurer, dans un horizon d\u2019investissement d\u00e9termin\u00e9, une performance coh\u00e9rente. De plus, nous compl\u00e9tons le portefeuille par des choix plus opportunistes qui tiennent compte du \u00ab\u00a0momentum\u00a0\u00bb de march\u00e9 ou des th\u00e9matiques \u00ab\u00a0macro\u00a0\u00bb. Le portefeuille et sa composition sont revus r\u00e9guli\u00e8rement.<\/p>\n\n\n\n<div style=\"height:30px\" aria-hidden=\"true\" class=\"wp-block-spacer\"><\/div>\n\n\n\n<figure class=\"wp-block-image size-large\"><img fetchpriority=\"high\" decoding=\"async\" width=\"1024\" height=\"141\" src=\"https:\/\/montec-capital.ch\/wp-content\/uploads\/2024\/01\/Montec-Cap-Ph.png\" alt=\"\" class=\"wp-image-5841\" srcset=\"https:\/\/montec-capital.ch\/wp-content\/uploads\/2024\/01\/Montec-Cap-Ph.png 1243w, https:\/\/montec-capital.ch\/wp-content\/uploads\/2024\/01\/Montec-Cap-Ph-300x53.png 300w, https:\/\/montec-capital.ch\/wp-content\/uploads\/2024\/01\/Montec-Cap-Ph-1024x180.png 1024w, https:\/\/montec-capital.ch\/wp-content\/uploads\/2024\/01\/Montec-Cap-Ph-768x135.png 768w, https:\/\/montec-capital.ch\/wp-content\/uploads\/2024\/01\/Montec-Cap-Ph-600x106.png 600w\" sizes=\"(max-width: 1024px) 100vw, 1024px\" \/><\/figure>\n\n\n\n<div style=\"height:61px\" aria-hidden=\"true\" class=\"wp-block-spacer\"><\/div>\n\n\n\n<div class=\"wp-block-cover alignfull is-light has-parallax\" style=\"margin-top:0;margin-bottom:0;padding-top:24px;padding-right:24px;padding-bottom:24px;padding-left:24px;min-height:330px;aspect-ratio:unset;\"><span aria-hidden=\"true\" class=\"wp-block-cover__background has-ti-bg-inv-background-color has-background-dim\"><\/span><div class=\"wp-block-cover__image-background has-parallax\" style=\"background-position:50% 50%;background-image:url(https:\/\/montec-capital.ch\/wp-content\/themes\/neve-fse\/assets\/img\/neve-fse-img04.jpg)\"><\/div><div class=\"wp-block-cover__inner-container is-layout-constrained wp-container-core-cover-is-layout-1fd9f2f1 wp-block-cover-is-layout-constrained\">\n<div class=\"wp-block-buttons is-content-justification-center is-layout-flex wp-container-core-buttons-is-layout-a89b3969 wp-block-buttons-is-layout-flex\">\n<div class=\"wp-block-button\"><a class=\"wp-block-button__link wp-element-button\" href=\"https:\/\/montec-capital.ch\/fr\/team\/\">Rencontrez l'\u00e9quipe de direction<\/a><\/div>\n<\/div>\n<\/div><\/div>\n\n\n\n<div style=\"height:64px\" aria-hidden=\"true\" class=\"wp-block-spacer\"><\/div>","protected":false},"excerpt":{"rendered":"<p>Our investment process is rigorous, dynamic and tailor-made to meet the different needs and expectations of our clients. After analyzing and quantifying your risk profile, we build a strategic asset allocation to ensure consistent performance over a given investment horizon. In addition, we complement the portfolio with more opportunistic choices that take account of market [&hellip;]<\/p>","protected":false},"author":2,"featured_media":0,"parent":0,"menu_order":0,"comment_status":"closed","ping_status":"closed","template":"","meta":{"footnotes":""},"class_list":["post-6006","page","type-page","status-publish","hentry"],"aioseo_notices":[],"_links":{"self":[{"href":"https:\/\/montec-capital.ch\/fr\/wp-json\/wp\/v2\/pages\/6006","targetHints":{"allow":["GET"]}}],"collection":[{"href":"https:\/\/montec-capital.ch\/fr\/wp-json\/wp\/v2\/pages"}],"about":[{"href":"https:\/\/montec-capital.ch\/fr\/wp-json\/wp\/v2\/types\/page"}],"author":[{"embeddable":true,"href":"https:\/\/montec-capital.ch\/fr\/wp-json\/wp\/v2\/users\/2"}],"replies":[{"embeddable":true,"href":"https:\/\/montec-capital.ch\/fr\/wp-json\/wp\/v2\/comments?post=6006"}],"version-history":[{"count":4,"href":"https:\/\/montec-capital.ch\/fr\/wp-json\/wp\/v2\/pages\/6006\/revisions"}],"predecessor-version":[{"id":6154,"href":"https:\/\/montec-capital.ch\/fr\/wp-json\/wp\/v2\/pages\/6006\/revisions\/6154"}],"wp:attachment":[{"href":"https:\/\/montec-capital.ch\/fr\/wp-json\/wp\/v2\/media?parent=6006"}],"curies":[{"name":"wp","href":"https:\/\/api.w.org\/{rel}","templated":true}]}}