{"id":5970,"date":"2024-02-07T14:29:27","date_gmt":"2024-02-07T14:29:27","guid":{"rendered":"https:\/\/montec-capital.ch\/?page_id=5970"},"modified":"2024-07-14T13:44:23","modified_gmt":"2024-07-14T13:44:23","slug":"about","status":"publish","type":"page","link":"https:\/\/montec-capital.ch\/fr\/about\/","title":{"rendered":"A notre sujet"},"content":{"rendered":"<div style=\"height:30px\" aria-hidden=\"true\" class=\"wp-block-spacer\"><\/div>\n\n\n\n<p style=\"margin-right:var(--wp--preset--spacing--20);margin-left:var(--wp--preset--spacing--20)\">MONTEC CAPITAL SA est d\u00e9tenu majoritairement par <a title=\"\" href=\"https:\/\/market-securities.com\/\" target=\"_blank\" rel=\"noopener\">Market Securities Group<\/a> (MSG)\u200b.<\/p>\n\n\n\n<p style=\"margin-right:var(--wp--preset--spacing--20);margin-left:var(--wp--preset--spacing--20)\">MSG est un groupe financier actif dans l\u2019interm\u00e9diation financi\u00e8re avec une pr\u00e9sence internationale.\n\nMSG est notamment pr\u00e9sent au Royaume-Uni (r\u00e9gul\u00e9 FCA), en France (r\u00e9gul\u00e9 FAMF, ACPR), aux Etats-Unis (r\u00e9gul\u00e9 NFA, FINRA), \u00e0 Hong-Kong (r\u00e9gul\u00e9 SFC), Duba\u00ef (r\u00e9gul\u00e9 DFSA), Suisse (FINMA par d\u00e9l\u00e9gation FCA).<\/p>\n\n\n\n<p style=\"margin-right:var(--wp--preset--spacing--20);margin-left:var(--wp--preset--spacing--20)\">MSG est d\u00e9tenu par ses associ\u00e9s fondateurs et emploie plus de 300 personnes.<\/p>\n\n\n\n<div style=\"height:62px\" aria-hidden=\"true\" class=\"wp-block-spacer\"><\/div>\n\n\n\n<div class=\"wp-block-cover alignfull is-light has-parallax\" style=\"margin-top:0;margin-bottom:0;padding-top:24px;padding-right:24px;padding-bottom:24px;padding-left:24px;min-height:330px;aspect-ratio:unset;\"><span aria-hidden=\"true\" class=\"wp-block-cover__background has-ti-bg-inv-background-color has-background-dim\"><\/span><div class=\"wp-block-cover__image-background has-parallax\" style=\"background-position:50% 50%;background-image:url(https:\/\/montec-capital.ch\/wp-content\/themes\/neve-fse\/assets\/img\/neve-fse-img04.jpg)\"><\/div><div class=\"wp-block-cover__inner-container is-layout-constrained wp-container-core-cover-is-layout-1fd9f2f1 wp-block-cover-is-layout-constrained\">\n<h2 class=\"wp-block-heading has-ti-bg-color has-text-color has-link-color has-large-font-size wp-elements-11116309fd4b109737243da7eb58e4d0\" style=\"margin-top:0;margin-right:var(--wp--preset--spacing--50);margin-bottom:0;margin-left:var(--wp--preset--spacing--50)\">Strat\u00e9giquement et au travers de MONTEC CAPITAL, MSG offre \u00e0 ses clients un service de gestion de fortune pour compl\u00e9ter son offre dans une domiciliation s\u00fbre et respect\u00e9e.<\/h2>\n\n\n\n<div class=\"wp-block-buttons is-content-justification-center is-layout-flex wp-container-core-buttons-is-layout-a89b3969 wp-block-buttons-is-layout-flex\">\n<div class=\"wp-block-button\"><a class=\"wp-block-button__link wp-element-button\" href=\"https:\/\/montec-capital.ch\/fr\/philosophy\/\">Notre philosophie<\/a><\/div>\n<\/div>\n<\/div><\/div>\n\n\n\n<div style=\"height:62px\" aria-hidden=\"true\" class=\"wp-block-spacer\"><\/div>","protected":false},"excerpt":{"rendered":"<p>MONTEC CAPITAL SA is majority owned by Market Securities Group (MSG)\u200b. MSG is a financial group active in financial intermediation with an international presence. MSG is notably present in the United Kingdom (regulated by FCA), in France (regulated by FAMF, ACPR), in the United States (regulated by NFA, FINRA), in Hong Kong (regulated by SFC), [&hellip;]<\/p>","protected":false},"author":2,"featured_media":0,"parent":0,"menu_order":0,"comment_status":"closed","ping_status":"closed","template":"","meta":{"footnotes":""},"class_list":["post-5970","page","type-page","status-publish","hentry"],"aioseo_notices":[],"_links":{"self":[{"href":"https:\/\/montec-capital.ch\/fr\/wp-json\/wp\/v2\/pages\/5970","targetHints":{"allow":["GET"]}}],"collection":[{"href":"https:\/\/montec-capital.ch\/fr\/wp-json\/wp\/v2\/pages"}],"about":[{"href":"https:\/\/montec-capital.ch\/fr\/wp-json\/wp\/v2\/types\/page"}],"author":[{"embeddable":true,"href":"https:\/\/montec-capital.ch\/fr\/wp-json\/wp\/v2\/users\/2"}],"replies":[{"embeddable":true,"href":"https:\/\/montec-capital.ch\/fr\/wp-json\/wp\/v2\/comments?post=5970"}],"version-history":[{"count":5,"href":"https:\/\/montec-capital.ch\/fr\/wp-json\/wp\/v2\/pages\/5970\/revisions"}],"predecessor-version":[{"id":6162,"href":"https:\/\/montec-capital.ch\/fr\/wp-json\/wp\/v2\/pages\/5970\/revisions\/6162"}],"wp:attachment":[{"href":"https:\/\/montec-capital.ch\/fr\/wp-json\/wp\/v2\/media?parent=5970"}],"curies":[{"name":"wp","href":"https:\/\/api.w.org\/{rel}","templated":true}]}}